{"id":733,"date":"2023-08-25T03:50:41","date_gmt":"2023-08-25T01:50:41","guid":{"rendered":"https:\/\/neveronstages.com\/index.php\/?page_id=733"},"modified":"2024-02-25T06:47:00","modified_gmt":"2024-02-25T05:47:00","slug":"mfdp","status":"publish","type":"page","link":"https:\/\/neveronstages.com\/index.php\/mfdp\/","title":{"rendered":"Das MUSIK F\u00dcR DEN PLANETEN Projekt"},"content":{"rendered":"\n<p>Hier unser Logo, was eigentlich alles aussagt und graphisch zusammenfasst:<\/p>\n\n\n<div class=\"wp-block-image\">\n<figure class=\"aligncenter size-full\"><img data-recalc-dims=\"1\" loading=\"lazy\" decoding=\"async\" width=\"300\" height=\"266\" src=\"https:\/\/i0.wp.com\/neveronstages.com\/wp-content\/uploads\/2023\/08\/logo_almost2late_2d.png?resize=300%2C266&#038;ssl=1\" alt=\"\" class=\"wp-image-734\"\/><figcaption class=\"wp-element-caption\"><strong>ALMOST2LATE Logo: <\/strong><br><em>Die Einheit (Kreis) aus K\u00f6nnen, Wissen und Wollen (Eckpunkte des Dreiecks) zu einem Zeitpunkt, an dem es fast zu sp\u00e4t ist (Keil bei 5 vor Zw\u00f6lf)<\/em><\/figcaption><\/figure>\n<\/div>\n\n\n<p>Das Projekt ist eine Sammlung von Musikst\u00fccken aus dem Rock\/Pop-Bereich und f\u00fcr klassisches Orchester. Die Musik setzt sich mit dem Zustand unserer Welt auseinander und soll Menschen zum Nach- und Umdenken bewegen. Sie wird auf einem Doppelalbum bzw. 2 getrennten Einzelalben ver\u00f6ffentlicht.<\/p>\n\n\n\n<p>Es sollen m\u00f6glichst viele prominente aber auch noch nicht bekannte Gastmusiker eingeladen werden, an diesem Projekt teilzunehmen, um eine breite Beteiligungsbasis zu haben, die einen gr\u00f6\u00dftm\u00f6glichen Ver\u00f6ffentlichungserfolg gew\u00e4hrleistet.<\/p>\n\n\n\n<p>Die Einnahmen daraus sollen Organisationen und Menschen gespendet werden, die sich aktiv um den Erhalt unserer Umwelt und Gesellschaft und um den Frieden bem\u00fchen. <\/p>\n\n\n\n<p><\/p>\n\n\n\n<div class=\"wp-block-media-text is-stacked-on-mobile\"><figure class=\"wp-block-media-text__media\"><img data-recalc-dims=\"1\" loading=\"lazy\" decoding=\"async\" width=\"800\" height=\"802\" src=\"https:\/\/i0.wp.com\/neveronstages.com\/wp-content\/uploads\/2024\/01\/R4TP_Albumcover.png?resize=800%2C802&#038;ssl=1\" alt=\"\" class=\"wp-image-1806 size-full\" srcset=\"https:\/\/i0.wp.com\/neveronstages.com\/wp-content\/uploads\/2024\/01\/R4TP_Albumcover.png?w=800&amp;ssl=1 800w, https:\/\/i0.wp.com\/neveronstages.com\/wp-content\/uploads\/2024\/01\/R4TP_Albumcover.png?resize=300%2C300&amp;ssl=1 300w, https:\/\/i0.wp.com\/neveronstages.com\/wp-content\/uploads\/2024\/01\/R4TP_Albumcover.png?resize=150%2C150&amp;ssl=1 150w, https:\/\/i0.wp.com\/neveronstages.com\/wp-content\/uploads\/2024\/01\/R4TP_Albumcover.png?resize=768%2C770&amp;ssl=1 768w, https:\/\/i0.wp.com\/neveronstages.com\/wp-content\/uploads\/2024\/01\/R4TP_Albumcover.png?resize=560%2C560&amp;ssl=1 560w\" sizes=\"(max-width: 800px) 100vw, 800px\" \/><\/figure><div class=\"wp-block-media-text__content\">\n<p class=\"has-text-color has-link-color has-system-serif-font-family has-medium-font-size wp-elements-87ee8769f761a00450b22e07dc1d7cb2\" style=\"color:#c1a5f9\"><strong>ROCKPOP 4 THE PLANET<\/strong><\/p>\n\n\n\n<p><a href=\"http:\/\/www.neveronstages.com\/mfdp\/r4tp\/\">Hier geht&#8217;s zum Album<\/a> und<\/p>\n\n\n\n<p><a href=\"https:\/\/neveronstages.com\/category\/alben\/r4tp\/\">Hier zu den Einzelnen Songs<\/a><\/p>\n<\/div><\/div>\n\n\n\n<div class=\"wp-block-media-text has-media-on-the-right is-stacked-on-mobile\"><div class=\"wp-block-media-text__content\">\n<p class=\"has-text-align-right has-text-color has-link-color has-system-serif-font-family wp-elements-f2e62914de8eea0fb23386b261a4cc4a\" style=\"color:#88f799\"><strong>SUITE 4 THE PLANET<\/strong><\/p>\n\n\n\n<p class=\"has-text-align-right\"><a href=\"http:\/\/www.neveronstages.com\/mfdp\/s4tp\/\">Hier geht&#8217;s zum Album<\/a> und<\/p>\n\n\n\n<p class=\"has-text-align-right\"><a href=\"https:\/\/neveronstages.com\/category\/alben\/s4tp\/\">Hier zu den einzelnen St\u00fccken<\/a><\/p>\n<\/div><figure class=\"wp-block-media-text__media\"><img data-recalc-dims=\"1\" loading=\"lazy\" decoding=\"async\" width=\"1024\" height=\"1024\" src=\"https:\/\/i0.wp.com\/neveronstages.com\/wp-content\/uploads\/2024\/01\/M4TP_Albumcover_R4TP.jpg?resize=1024%2C1024&#038;ssl=1\" alt=\"\" class=\"wp-image-1343 size-full\" srcset=\"https:\/\/i0.wp.com\/neveronstages.com\/wp-content\/uploads\/2024\/01\/M4TP_Albumcover_R4TP.jpg?resize=1024%2C1024&amp;ssl=1 1024w, https:\/\/i0.wp.com\/neveronstages.com\/wp-content\/uploads\/2024\/01\/M4TP_Albumcover_R4TP.jpg?resize=300%2C300&amp;ssl=1 300w, https:\/\/i0.wp.com\/neveronstages.com\/wp-content\/uploads\/2024\/01\/M4TP_Albumcover_R4TP.jpg?resize=150%2C150&amp;ssl=1 150w, https:\/\/i0.wp.com\/neveronstages.com\/wp-content\/uploads\/2024\/01\/M4TP_Albumcover_R4TP.jpg?resize=768%2C769&amp;ssl=1 768w, https:\/\/i0.wp.com\/neveronstages.com\/wp-content\/uploads\/2024\/01\/M4TP_Albumcover_R4TP.jpg?resize=200%2C200&amp;ssl=1 200w, https:\/\/i0.wp.com\/neveronstages.com\/wp-content\/uploads\/2024\/01\/M4TP_Albumcover_R4TP.jpg?resize=100%2C100&amp;ssl=1 100w, https:\/\/i0.wp.com\/neveronstages.com\/wp-content\/uploads\/2024\/01\/M4TP_Albumcover_R4TP.jpg?resize=560%2C560&amp;ssl=1 560w, https:\/\/i0.wp.com\/neveronstages.com\/wp-content\/uploads\/2024\/01\/M4TP_Albumcover_R4TP.jpg?w=1353&amp;ssl=1 1353w\" sizes=\"(max-width: 1000px) 100vw, 1000px\" \/><\/figure><\/div>\n","protected":false},"excerpt":{"rendered":"<p>Hier unser Logo, was eigentlich alles aussagt und graphisch zusammenfasst: Das Projekt ist eine Sammlung von Musikst\u00fccken aus dem Rock\/Pop-Bereich und f\u00fcr klassisches Orchester. Die Musik setzt sich mit dem Zustand unserer Welt auseinander und soll Menschen zum Nach- und Umdenken bewegen. Sie wird auf einem Doppelalbum bzw. 2 getrennten Einzelalben ver\u00f6ffentlicht. Es sollen m\u00f6glichst [&hellip;]<\/p>\n","protected":false},"author":1,"featured_media":778,"parent":0,"menu_order":0,"comment_status":"closed","ping_status":"closed","template":"page-with-sidebar","meta":{"saved_in_kubio":false,"footnotes":""},"class_list":["post-733","page","type-page","status-publish","has-post-thumbnail","hentry"],"kubio_ai_page_context":{"short_desc":"","purpose":"general"},"jetpack_sharing_enabled":true,"_links":{"self":[{"href":"https:\/\/neveronstages.com\/index.php\/wp-json\/wp\/v2\/pages\/733","targetHints":{"allow":["GET"]}}],"collection":[{"href":"https:\/\/neveronstages.com\/index.php\/wp-json\/wp\/v2\/pages"}],"about":[{"href":"https:\/\/neveronstages.com\/index.php\/wp-json\/wp\/v2\/types\/page"}],"author":[{"embeddable":true,"href":"https:\/\/neveronstages.com\/index.php\/wp-json\/wp\/v2\/users\/1"}],"replies":[{"embeddable":true,"href":"https:\/\/neveronstages.com\/index.php\/wp-json\/wp\/v2\/comments?post=733"}],"version-history":[{"count":3,"href":"https:\/\/neveronstages.com\/index.php\/wp-json\/wp\/v2\/pages\/733\/revisions"}],"predecessor-version":[{"id":2054,"href":"https:\/\/neveronstages.com\/index.php\/wp-json\/wp\/v2\/pages\/733\/revisions\/2054"}],"wp:featuredmedia":[{"embeddable":true,"href":"https:\/\/neveronstages.com\/index.php\/wp-json\/wp\/v2\/media\/778"}],"wp:attachment":[{"href":"https:\/\/neveronstages.com\/index.php\/wp-json\/wp\/v2\/media?parent=733"}],"curies":[{"name":"wp","href":"https:\/\/api.w.org\/{rel}","templated":true}]}}