{"id":811,"date":"2023-08-31T08:50:15","date_gmt":"2023-08-31T06:50:15","guid":{"rendered":"https:\/\/neveronstages.com\/index.php\/?page_id=811"},"modified":"2024-02-03T01:36:45","modified_gmt":"2024-02-03T00:36:45","slug":"nightingale-butterfly","status":"publish","type":"page","link":"https:\/\/neveronstages.com\/index.php\/nightingale-butterfly\/","title":{"rendered":"Hummingbird &#038; Butterfly &#8211; Lyrics &#038; Cover AI generated"},"content":{"rendered":"<div id=\"audioigniter-815\" class=\"audioigniter-root \" data-player-type=\"full\" data-tracks-url=\"https:\/\/neveronstages.com\/index.php\/?audioigniter_playlist_id=815\" data-display-track-no=\"false\" data-reverse-track-order=\"false\" data-display-tracklist-covers=\"true\" data-display-active-cover=\"true\" data-display-artist-names=\"true\" data-display-buy-buttons=\"false\" data-buy-buttons-target=\"false\" data-cycle-tracks=\"false\" data-display-credits=\"true\" data-display-tracklist=\"true\" data-allow-tracklist-toggle=\"false\" data-allow-tracklist-loop=\"false\" data-limit-tracklist-height=\"false\" data-volume=\"100\" data-tracklist-height=\"70\" ><\/div>\n\n\n\n<p>Wir besch\u00e4ftigen uns seit Neuestem mit k\u00fcnstlicher Intelligenz und ihren Auswirkungen auf kreative Arbeit. Und wir haben begonnen, konkrete Tests zu machen. <\/p>\n\n\n\n<p>Dieser Song ist ein Beispiel daf\u00fcr. Wir haben den Text von <a href=\"https:\/\/chat.openai.com\/\">ChatGPT<\/a> \u00fcber einen von Cornelie Flauder geschriebenen Prompt  erzeugen lassen. Das Gleiche gilt f\u00fcr das Cover-Bild. Dieses wurde von <a href=\"https:\/\/picsart.com\/de\/ai-image-generator\">PicsArt<\/a> erzeugt. <\/p>\n\n\n\n<p>Bei der Musik haben wir uns dann doch lieber auf unsere menschlichen F\u00e4higkeiten verlassen, denn wir haben bis jetzt noch keine KI gefunden, die zufriedenstellende musikalische Ergebnisse &#8211; oder sagen wir lieber Inspirationen &#8211; liefert. <\/p>\n\n\n\n<p>Aber wir arbeiten weiter daran, denn wir glauben, dass KI nicht unbedingt eine Bedrohung ist, sondern eine Chance sein kann. Jedenfalls f\u00fcr die Kreativen. Hier kann sie unendlich viele Ideen liefern, die dann immer noch ein Mensch &#8211; je nach Aufgabenstellung &#8211; ausfeilen und fertig stellen kann und muss. <\/p>\n\n\n\n<p>Eine Bedrohung wird k\u00fcnstliche Intelligenz mit absoluter Sicherheit, wenn sie in Bereichen wie Politik, zur massenhaften Manipulation, in den H\u00e4nden von Populisten oder Regimen eingesetzt wird, die ein bestimmtes Denken produzieren wollen.<\/p>\n\n\n\n<p>Aber das ist nicht unser Thema. WIR beschr\u00e4nken uns auf das Sch\u00f6ne. . <\/p>\n\n\n\n<p>PS: Es kann sein, dass sich der Titel noch \u00e4ndert, weil wir schwer am \u00dcberlegen sind, statt einer Nachtigall, einen Kolibri, also &#8220;Hummingbird&#8221; zu verwenden. Ein Grund ist, dass es die Nachtigall in Amerika \u00fcberhaupt nicht gibt, wir aber glauben, dass dieser  Song gerade dort ein Erfolg werden k\u00f6nnte. Ein weiterer Grund ist, dass die Kolibri-Dame so viel bunter und schillernder ist und sich auf einem Cover besser macht!<\/p>\n\n\n\n<p>Viel Spa\u00df beim Reinh\u00f6ren!<\/p>\n\n\n\n<p><\/p>\n\n\n\n<p class=\"has-text-align-center\"><strong>Lyrics Album Version<\/strong><\/p>\n\n\n\n<p class=\"has-text-align-center\">(Verse 1)<br>In an ancient forest, full of beautiful trees<br>There once lived a nightingale, with her family<br>Her name was Lucy, with a voice so bright<br>She fluttered with joy in the golden sunlight<\/p>\n\n\n\n<p class=\"has-text-align-center\">(Verse 2)<br>One day, she met a butterfly so grand<br>With wings of beauty, like a painter&#8217;s hand<br>His name was Benny, graceful in flight<br>Their friendship blossomed, oh what a sight<\/p>\n\n\n\n<p class=\"has-text-align-center\">(Chorus)&#8217;<br>Hummingbird and butterfly, friends so true<br>Exploring the meadows, under skies so blue<br>With wings of wonder, they dance and play<br>Spreading joy and happiness, along their way<\/p>\n\n\n\n<p class=\"has-text-align-center\">(Verse 3)<br>They fluttered through fields, in perfect harmony<br>Visiting flowers, so lively and free<br>Lucy would whisper, secrets of the earth<br>While Benny shared stories of his incredible birth<\/p>\n\n\n\n<p class=\"has-text-align-center\">(Verse 4)<br>They&#8217;d sip sweet nectar, from fruits so tender<br>Laughing and giggling, in nature&#8217;s splendor<br>Side by side, they&#8217;d explore and roam<br>Spreading love and kindness, in their garden home<\/p>\n\n\n\n<p class=\"has-text-align-center\">(Chorus)<br>Hummingbird and butterfly, friends so true<br>Exploring the meadows, under skies so blue<br>With wings of wonder, they dance and play<br>Spreading joy and happiness, along their way<\/p>\n\n\n\n<p class=\"has-text-align-center\">(Bridge)<br>But as the seasons changed and colder winds blew<br>It was time for Benny, to bid Lucy adieu<br>He fluttered south, towards the warm sun&#8217;s embrace<br>Promising to return, with a smile on his face<\/p>\n\n\n\n<p class=\"has-text-align-center\">(Verse 5)<br>Lucy missed her friend, the butterfly named Benny<br>And waited for his return, from lands so many<br>But in her heart, their friendship remained<br>Through sun and rain, their bond sustained<\/p>\n\n\n\n<p class=\"has-text-align-center\">(Chorus)<br>Hummingbird and butterfly, friends so true<br>Exploring the meadows, under skies so blue<br>With wings of wonder, they dance and play<br>Spreading joy and happiness, along their way<\/p>\n\n\n\n<p class=\"has-text-align-center\">(Outro)<br>Though time may pass, and they&#8217;re worlds apart<br>Their friendship forever, engraved in their hearts<br>Hummingbird and butterfly, a tale so grand<br>Forever connected, across the distant land<\/p>\n\n\n\n<p><\/p>\n\n\n\n<p class=\"has-text-align-center has-small-font-size\"><em>Musik &amp; Text: \u00a92023 by Cornelie Flauder \/ Christian R. Miles \/ ChatGPT<\/em><br><em>Published by flamal.de<br>Artwork: KI unterst\u00fctzt von Cornelie Flauder \/ Christian R. Miles<\/em><br><em>Alle Rechte vorbehalten<\/em><\/p>\n","protected":false},"excerpt":{"rendered":"<p>Wir besch\u00e4ftigen uns seit Neuestem mit k\u00fcnstlicher Intelligenz und ihren Auswirkungen auf kreative Arbeit. Und wir haben begonnen, konkrete Tests zu machen. Dieser Song ist ein Beispiel daf\u00fcr. Wir haben den Text von ChatGPT \u00fcber einen von Cornelie Flauder geschriebenen Prompt erzeugen lassen. Das Gleiche gilt f\u00fcr das Cover-Bild. Dieses wurde von PicsArt erzeugt. Bei [&hellip;]<\/p>\n","protected":false},"author":2,"featured_media":1253,"parent":0,"menu_order":0,"comment_status":"closed","ping_status":"closed","template":"page-with-sidebar","meta":{"saved_in_kubio":false,"footnotes":""},"class_list":["post-811","page","type-page","status-publish","has-post-thumbnail","hentry"],"kubio_ai_page_context":{"short_desc":"","purpose":"general"},"jetpack_sharing_enabled":true,"_links":{"self":[{"href":"https:\/\/neveronstages.com\/index.php\/wp-json\/wp\/v2\/pages\/811","targetHints":{"allow":["GET"]}}],"collection":[{"href":"https:\/\/neveronstages.com\/index.php\/wp-json\/wp\/v2\/pages"}],"about":[{"href":"https:\/\/neveronstages.com\/index.php\/wp-json\/wp\/v2\/types\/page"}],"author":[{"embeddable":true,"href":"https:\/\/neveronstages.com\/index.php\/wp-json\/wp\/v2\/users\/2"}],"replies":[{"embeddable":true,"href":"https:\/\/neveronstages.com\/index.php\/wp-json\/wp\/v2\/comments?post=811"}],"version-history":[{"count":4,"href":"https:\/\/neveronstages.com\/index.php\/wp-json\/wp\/v2\/pages\/811\/revisions"}],"predecessor-version":[{"id":2035,"href":"https:\/\/neveronstages.com\/index.php\/wp-json\/wp\/v2\/pages\/811\/revisions\/2035"}],"wp:featuredmedia":[{"embeddable":true,"href":"https:\/\/neveronstages.com\/index.php\/wp-json\/wp\/v2\/media\/1253"}],"wp:attachment":[{"href":"https:\/\/neveronstages.com\/index.php\/wp-json\/wp\/v2\/media?parent=811"}],"curies":[{"name":"wp","href":"https:\/\/api.w.org\/{rel}","templated":true}]}}